{"id":137,"date":"2024-05-09T14:35:31","date_gmt":"2024-05-09T14:35:31","guid":{"rendered":"https:\/\/lovrenovic.at\/?page_id=137"},"modified":"2025-03-10T20:09:45","modified_gmt":"2025-03-10T20:09:45","slug":"termine","status":"publish","type":"page","link":"https:\/\/lovrenovic.at\/?page_id=137","title":{"rendered":"Termine"},"content":{"rendered":"<p>20. M\u00e4rz 2025 &#8211; Kabarett mit Florian Scheuba &#8211; QL-Galerie, Graz<\/p>\n<p>19. M\u00e4rz 2025 &#8211; Fr\u00fchlingserwachen &#8211; Salon Stolz, Graz<\/p>\n<p>17. September 2024 &#8211; zweintopf, <a href=\"https:\/\/www.facebook.com\/events\/429120976950966\/?acontext=%7B%22source%22%3A%2229%22%2C%22ref_notif_type%22%3A%22plan_user_invited%22%2C%22action_history%22%3A%22null%22%7D&#038;notif_id=1725111064804661&#038;notif_t=plan_user_invited&#038;ref=notif\">INTENTION-IRRSINN-ISMUS<\/a> &#8211; QL-Galerie, Graz<\/p>\n<p>23. August 2024 &#8211; Ch\u00e9 Tango &#8211; Wiener Konzerthaus<\/p>\n<p>10. Juli 2024 &#8211; Frida Kahlo, gesungene Bilder (Hof-Theater H\u00f6f) &#8211; TeichFestSpiele Sinabelkirchen<\/p>\n<p>06. Juli 2024 &#8211; Tangoabend (Akademski harmonikaski orkestar Ivan Goran Kovacic) &#8211; Zagreb, Kroatien<\/p>\n<p>21. Juni 2024 &#8211; Tangoabend zum Weltmusiktag (Akademski harmonikaski orkestar Ivan Goran Kovacic) &#8211; Gospic, Kroatien<\/p>\n<p>02. Juni 2024 &#8211; Sommernacht in Buenos Aires (Simply Tango) &#8211; 30. Klavierfr\u00fchling Deutschlandsberg<\/p>\n<p>28. April 2024 &#8211; Fr\u00fchlingserwachen (Klangwelt 60+) &#8211; WIST Graz<\/p>\n<p>28. M\u00e4rz 2024 &#8211; Frida Kahlo, gesungene Bilder (Hof-Theater H\u00f6f) &#8211; St. Stefan ob Steinz<\/p>\n<p>19. J\u00e4nner 2024 &#8211; Sommernacht in Buenos Aires (Simply Tango) &#8211; Johann Josef Fux Konservatorium Graz<\/p>\n<p>14. November 2023 &#8211; Sommernacht in Buenos Aires (Simply Tango) &#8211; Stadthalle F\u00fcrstenfeld<\/p>\n<p>16. September 2023 &#8211; Musikgestaltung bei einer Ausstellung &#8211; Feuerwehrmuseum St. Florian<\/p>\n<p>04. August 2023 &#8211; Frida Kahlo, gesungene Bilder (Hof-Theater H\u00f6f) &#8211; Weissenbach<\/p>\n<p>02. Juli 2023 &#8211; Klangwoche 60+ &#8211; CMA Ossiach<\/p>\n<p>22. Juni 2023 &#8211; Sommernacht in Buenos Aires (Simply Tango), Doppelkonzert &#8211; Musikverein Graz<\/p>\n","protected":false},"excerpt":{"rendered":"<p>20. M\u00e4rz 2025 &#8211; Kabarett mit Florian Scheuba &#8211; QL-Galerie, Graz 19. M\u00e4rz 2025 &#8211; Fr\u00fchlingserwachen &#8211; Salon Stolz, Graz [&hellip;]<\/p>\n","protected":false},"author":1,"featured_media":0,"parent":0,"menu_order":0,"comment_status":"closed","ping_status":"closed","template":"","meta":{"_monsterinsights_skip_tracking":false,"_monsterinsights_sitenote_active":false,"_monsterinsights_sitenote_note":"","_monsterinsights_sitenote_category":0,"site-sidebar-layout":"default","site-content-layout":"","ast-site-content-layout":"default","site-content-style":"default","site-sidebar-style":"default","ast-global-header-display":"","ast-banner-title-visibility":"","ast-main-header-display":"","ast-hfb-above-header-display":"","ast-hfb-below-header-display":"","ast-hfb-mobile-header-display":"","site-post-title":"","ast-breadcrumbs-content":"","ast-featured-img":"","footer-sml-layout":"","ast-disable-related-posts":"","theme-transparent-header-meta":"default","adv-header-id-meta":"","stick-header-meta":"","header-above-stick-meta":"","header-main-stick-meta":"","header-below-stick-meta":"","astra-migrate-meta-layouts":"set","ast-page-background-enabled":"default","ast-page-background-meta":{"desktop":{"background-color":"var(--ast-global-color-4)","background-image":"","background-repeat":"repeat","background-position":"center center","background-size":"auto","background-attachment":"scroll","background-type":"","background-media":"","overlay-type":"","overlay-color":"","overlay-opacity":"","overlay-gradient":""},"tablet":{"background-color":"","background-image":"","background-repeat":"repeat","background-position":"center center","background-size":"auto","background-attachment":"scroll","background-type":"","background-media":"","overlay-type":"","overlay-color":"","overlay-opacity":"","overlay-gradient":""},"mobile":{"background-color":"","background-image":"","background-repeat":"repeat","background-position":"center center","background-size":"auto","background-attachment":"scroll","background-type":"","background-media":"","overlay-type":"","overlay-color":"","overlay-opacity":"","overlay-gradient":""}},"ast-content-background-meta":{"desktop":{"background-color":"var(--ast-global-color-5)","background-image":"","background-repeat":"repeat","background-position":"center center","background-size":"auto","background-attachment":"scroll","background-type":"","background-media":"","overlay-type":"","overlay-color":"","overlay-opacity":"","overlay-gradient":""},"tablet":{"background-color":"var(--ast-global-color-5)","background-image":"","background-repeat":"repeat","background-position":"center center","background-size":"auto","background-attachment":"scroll","background-type":"","background-media":"","overlay-type":"","overlay-color":"","overlay-opacity":"","overlay-gradient":""},"mobile":{"background-color":"var(--ast-global-color-5)","background-image":"","background-repeat":"repeat","background-position":"center center","background-size":"auto","background-attachment":"scroll","background-type":"","background-media":"","overlay-type":"","overlay-color":"","overlay-opacity":"","overlay-gradient":""}},"footnotes":""},"class_list":["post-137","page","type-page","status-publish","hentry"],"aioseo_notices":[],"_links":{"self":[{"href":"https:\/\/lovrenovic.at\/index.php?rest_route=\/wp\/v2\/pages\/137","targetHints":{"allow":["GET"]}}],"collection":[{"href":"https:\/\/lovrenovic.at\/index.php?rest_route=\/wp\/v2\/pages"}],"about":[{"href":"https:\/\/lovrenovic.at\/index.php?rest_route=\/wp\/v2\/types\/page"}],"author":[{"embeddable":true,"href":"https:\/\/lovrenovic.at\/index.php?rest_route=\/wp\/v2\/users\/1"}],"replies":[{"embeddable":true,"href":"https:\/\/lovrenovic.at\/index.php?rest_route=%2Fwp%2Fv2%2Fcomments&post=137"}],"version-history":[{"count":5,"href":"https:\/\/lovrenovic.at\/index.php?rest_route=\/wp\/v2\/pages\/137\/revisions"}],"predecessor-version":[{"id":236,"href":"https:\/\/lovrenovic.at\/index.php?rest_route=\/wp\/v2\/pages\/137\/revisions\/236"}],"wp:attachment":[{"href":"https:\/\/lovrenovic.at\/index.php?rest_route=%2Fwp%2Fv2%2Fmedia&parent=137"}],"curies":[{"name":"wp","href":"https:\/\/api.w.org\/{rel}","templated":true}]}}