{"id":140,"date":"2024-05-09T14:35:36","date_gmt":"2024-05-09T14:35:36","guid":{"rendered":"https:\/\/lovrenovic.at\/?page_id=140"},"modified":"2024-05-11T10:41:52","modified_gmt":"2024-05-11T10:41:52","slug":"tango","status":"publish","type":"page","link":"https:\/\/lovrenovic.at\/?page_id=140","title":{"rendered":"Tango"},"content":{"rendered":"<p>Seit dem Jahr 2020 beherrscht Luka das Bandoneon und hat sich seitdem mit Hingabe dem Studium dieses einzigartigen Instruments gewidmet. Sein Repertoire im Bereich der Tango-Kammermusik ist weitreichend und beeindruckend. Als Mitglied eines Tango-Orchesters konnte er sein Talent bereits unter Beweis stellen.<\/p>\n<p>Besonders bemerkenswert ist Lukas Zusammenarbeit mit &#8220;Tango Sin Fin&#8221; in Buenos Aires, Argentinien, einer angesehenen Organisation, die sich der F\u00f6rderung und Erhaltung des argentinischen Tangos verschrieben hat. Diese Partnerschaft hat es ihm erm\u00f6glicht, wertvolle Einblicke und Erfahrungen zu sammeln, die seine musikalische Reise bereichert haben.<\/p>\n<p>Luka ist seit 2017 Mitglied des Ensembles Simply Tango, das er gemeinsam mit anderen Mitbegr\u00fcndern ins Leben gerufen hat. Diese Zusammenarbeit hat es ihm erm\u00f6glicht, seine Liebe zum Tango mit einem breiteren Publikum zu teilen und seine Leidenschaft f\u00fcr diese Kunstform weiter zu vertiefen.<\/p>\n<p>Ein H\u00f6hepunkt in Lukas Karriere war zweifellos das Jahr 2023, in dem er mit zwei ausverkauften Konzerten im renommierten Musikverein Graz sein Publikum begeisterte. Diese Erfolge sind nicht nur ein Zeugnis seines musikalischen K\u00f6nnens, sondern auch seiner unersch\u00fctterlichen Hingabe an den Tango.<\/p>\n<p>Wir laden Sie herzlich ein, mehr \u00fcber Lukas Arbeit und seine musikalische Reise zu erfahren. Tauchen Sie ein in die Welt des argentinischen Tangos und lassen Sie sich von seiner Sch\u00f6nheit und Leidenschaft verzaubern.<\/p>\n","protected":false},"excerpt":{"rendered":"<p>Seit dem Jahr 2020 beherrscht Luka das Bandoneon und hat sich seitdem mit Hingabe dem Studium dieses einzigartigen Instruments gewidmet. [&hellip;]<\/p>\n","protected":false},"author":1,"featured_media":0,"parent":0,"menu_order":0,"comment_status":"closed","ping_status":"closed","template":"","meta":{"_monsterinsights_skip_tracking":false,"_monsterinsights_sitenote_active":false,"_monsterinsights_sitenote_note":"","_monsterinsights_sitenote_category":0,"site-sidebar-layout":"default","site-content-layout":"","ast-site-content-layout":"default","site-content-style":"default","site-sidebar-style":"default","ast-global-header-display":"","ast-banner-title-visibility":"","ast-main-header-display":"","ast-hfb-above-header-display":"","ast-hfb-below-header-display":"","ast-hfb-mobile-header-display":"","site-post-title":"","ast-breadcrumbs-content":"","ast-featured-img":"","footer-sml-layout":"","ast-disable-related-posts":"","theme-transparent-header-meta":"default","adv-header-id-meta":"","stick-header-meta":"","header-above-stick-meta":"","header-main-stick-meta":"","header-below-stick-meta":"","astra-migrate-meta-layouts":"set","ast-page-background-enabled":"default","ast-page-background-meta":{"desktop":{"background-color":"var(--ast-global-color-4)","background-image":"","background-repeat":"repeat","background-position":"center center","background-size":"auto","background-attachment":"scroll","background-type":"","background-media":"","overlay-type":"","overlay-color":"","overlay-opacity":"","overlay-gradient":""},"tablet":{"background-color":"","background-image":"","background-repeat":"repeat","background-position":"center center","background-size":"auto","background-attachment":"scroll","background-type":"","background-media":"","overlay-type":"","overlay-color":"","overlay-opacity":"","overlay-gradient":""},"mobile":{"background-color":"","background-image":"","background-repeat":"repeat","background-position":"center center","background-size":"auto","background-attachment":"scroll","background-type":"","background-media":"","overlay-type":"","overlay-color":"","overlay-opacity":"","overlay-gradient":""}},"ast-content-background-meta":{"desktop":{"background-color":"var(--ast-global-color-5)","background-image":"","background-repeat":"repeat","background-position":"center center","background-size":"auto","background-attachment":"scroll","background-type":"","background-media":"","overlay-type":"","overlay-color":"","overlay-opacity":"","overlay-gradient":""},"tablet":{"background-color":"var(--ast-global-color-5)","background-image":"","background-repeat":"repeat","background-position":"center center","background-size":"auto","background-attachment":"scroll","background-type":"","background-media":"","overlay-type":"","overlay-color":"","overlay-opacity":"","overlay-gradient":""},"mobile":{"background-color":"var(--ast-global-color-5)","background-image":"","background-repeat":"repeat","background-position":"center center","background-size":"auto","background-attachment":"scroll","background-type":"","background-media":"","overlay-type":"","overlay-color":"","overlay-opacity":"","overlay-gradient":""}},"footnotes":""},"class_list":["post-140","page","type-page","status-publish","hentry"],"aioseo_notices":[],"_links":{"self":[{"href":"https:\/\/lovrenovic.at\/index.php?rest_route=\/wp\/v2\/pages\/140","targetHints":{"allow":["GET"]}}],"collection":[{"href":"https:\/\/lovrenovic.at\/index.php?rest_route=\/wp\/v2\/pages"}],"about":[{"href":"https:\/\/lovrenovic.at\/index.php?rest_route=\/wp\/v2\/types\/page"}],"author":[{"embeddable":true,"href":"https:\/\/lovrenovic.at\/index.php?rest_route=\/wp\/v2\/users\/1"}],"replies":[{"embeddable":true,"href":"https:\/\/lovrenovic.at\/index.php?rest_route=%2Fwp%2Fv2%2Fcomments&post=140"}],"version-history":[{"count":3,"href":"https:\/\/lovrenovic.at\/index.php?rest_route=\/wp\/v2\/pages\/140\/revisions"}],"predecessor-version":[{"id":199,"href":"https:\/\/lovrenovic.at\/index.php?rest_route=\/wp\/v2\/pages\/140\/revisions\/199"}],"wp:attachment":[{"href":"https:\/\/lovrenovic.at\/index.php?rest_route=%2Fwp%2Fv2%2Fmedia&parent=140"}],"curies":[{"name":"wp","href":"https:\/\/api.w.org\/{rel}","templated":true}]}}